{"id":99,"date":"2026-03-29T16:51:05","date_gmt":"2026-03-29T16:51:05","guid":{"rendered":"https:\/\/odkurzacze-przemyslowe.com.pl\/?page_id=99"},"modified":"2026-03-30T19:49:52","modified_gmt":"2026-03-30T19:49:52","slug":"%ef%83%bczlaczki-kolanka-i-trojniki","status":"publish","type":"page","link":"https:\/\/odkurzacze-przemyslowe.com.pl\/?page_id=99","title":{"rendered":"Z\u0142\u0105czki, Kolanka i tr\u00f3jniki"},"content":{"rendered":"","protected":false},"excerpt":{"rendered":"","protected":false},"author":1,"featured_media":0,"parent":0,"menu_order":0,"comment_status":"closed","ping_status":"closed","template":"","meta":{"footnotes":""},"class_list":["post-99","page","type-page","status-publish","hentry"],"_links":{"self":[{"href":"https:\/\/odkurzacze-przemyslowe.com.pl\/index.php?rest_route=\/wp\/v2\/pages\/99","targetHints":{"allow":["GET"]}}],"collection":[{"href":"https:\/\/odkurzacze-przemyslowe.com.pl\/index.php?rest_route=\/wp\/v2\/pages"}],"about":[{"href":"https:\/\/odkurzacze-przemyslowe.com.pl\/index.php?rest_route=\/wp\/v2\/types\/page"}],"author":[{"embeddable":true,"href":"https:\/\/odkurzacze-przemyslowe.com.pl\/index.php?rest_route=\/wp\/v2\/users\/1"}],"replies":[{"embeddable":true,"href":"https:\/\/odkurzacze-przemyslowe.com.pl\/index.php?rest_route=%2Fwp%2Fv2%2Fcomments&post=99"}],"version-history":[{"count":2,"href":"https:\/\/odkurzacze-przemyslowe.com.pl\/index.php?rest_route=\/wp\/v2\/pages\/99\/revisions"}],"predecessor-version":[{"id":284,"href":"https:\/\/odkurzacze-przemyslowe.com.pl\/index.php?rest_route=\/wp\/v2\/pages\/99\/revisions\/284"}],"wp:attachment":[{"href":"https:\/\/odkurzacze-przemyslowe.com.pl\/index.php?rest_route=%2Fwp%2Fv2%2Fmedia&parent=99"}],"curies":[{"name":"wp","href":"https:\/\/api.w.org\/{rel}","templated":true}]}}